{"id":27867,"date":"2025-03-10T00:30:07","date_gmt":"2025-03-09T21:30:07","guid":{"rendered":"https:\/\/www.almodo.com.tr\/?page_id=27867"},"modified":"2025-09-13T18:17:56","modified_gmt":"2025-09-13T15:17:56","slug":"koleksiyonlar","status":"publish","type":"page","link":"https:\/\/www.almodo.com.tr\/en\/koleksiyonlar\/","title":{"rendered":"Collections"},"content":{"rendered":"<div data-elementor-type=\"wp-page\" data-elementor-id=\"27867\" class=\"elementor elementor-27867\">\n\t\t\t\t\t\t<section class=\"elementor-section elementor-top-section elementor-element elementor-element-870803f elementor-section-boxed elementor-section-height-default elementor-section-height-default sc_fly_static\" data-id=\"870803f\" data-element_type=\"section\">\n\t\t\t\t\t\t<div class=\"elementor-container elementor-column-gap-extended\">\n\t\t\t\t\t<div class=\"elementor-column elementor-col-100 elementor-top-column elementor-element elementor-element-84d9684 sc_content_align_inherit sc_layouts_column_icons_position_left sc_fly_static\" data-id=\"84d9684\" data-element_type=\"column\">\n\t\t\t<div class=\"elementor-widget-wrap elementor-element-populated\">\n\t\t\t\t\t\t<div class=\"elementor-element elementor-element-7e6b35d sc_height_huge sc_fly_static elementor-widget elementor-widget-spacer\" data-id=\"7e6b35d\" data-element_type=\"widget\" data-widget_type=\"spacer.default\">\n\t\t\t\t<div class=\"elementor-widget-container\">\n\t\t\t\t\t\t\t<div class=\"elementor-spacer\">\n\t\t\t<div class=\"elementor-spacer-inner\"><\/div>\n\t\t<\/div>\n\t\t\t\t\t\t<\/div>\n\t\t\t\t<\/div>\n\t\t\t\t\t<\/div>\n\t\t<\/div>\n\t\t\t\t\t<\/div>\n\t\t<\/section>\n\t\t\t\t<section class=\"elementor-section elementor-top-section elementor-element elementor-element-1dc2d38 scheme_default elementor-section-boxed elementor-section-height-default elementor-section-height-default sc_fly_static\" data-id=\"1dc2d38\" data-element_type=\"section\" data-settings=\"{&quot;background_background&quot;:&quot;classic&quot;}\">\n\t\t\t\t\t\t<div class=\"elementor-container elementor-column-gap-extended\">\n\t\t\t\t\t<div class=\"elementor-column elementor-col-100 elementor-top-column elementor-element elementor-element-ef7af2c sc_content_align_inherit sc_layouts_column_icons_position_left sc_fly_static\" data-id=\"ef7af2c\" data-element_type=\"column\">\n\t\t\t<div class=\"elementor-widget-wrap elementor-element-populated\">\n\t\t\t\t\t\t<div class=\"elementor-element elementor-element-bcf4051 sc_fly_static elementor-widget elementor-widget-trx_sc_title\" data-id=\"bcf4051\" data-element_type=\"widget\" data-widget_type=\"trx_sc_title.default\">\n\t\t\t\t<div class=\"elementor-widget-container\">\n\t\t\t\t\t<div\t\tclass=\"sc_title sc_title_default\" ><span class=\"sc_item_subtitle sc_title_subtitle sc_align_center sc_item_subtitle_above sc_item_title_style_default\">Almodo<\/span><h1 class=\"sc_item_title sc_title_title sc_align_center sc_item_title_style_default sc_item_title_tag\"\n\t\t data-mouse-helper=\"highlight\"\t><span class=\"sc_item_title_text\">Collections<\/span><\/h1><\/div>\t\t\t\t<\/div>\n\t\t\t\t<\/div>\n\t\t\t\t<div class=\"elementor-element elementor-element-26d1e1e sc_height_small sc_fly_static elementor-widget elementor-widget-spacer\" data-id=\"26d1e1e\" data-element_type=\"widget\" data-widget_type=\"spacer.default\">\n\t\t\t\t<div class=\"elementor-widget-container\">\n\t\t\t\t\t\t\t<div class=\"elementor-spacer\">\n\t\t\t<div class=\"elementor-spacer-inner\"><\/div>\n\t\t<\/div>\n\t\t\t\t\t\t<\/div>\n\t\t\t\t<\/div>\n\t\t\t\t\t<\/div>\n\t\t<\/div>\n\t\t\t\t\t<\/div>\n\t\t<\/section>\n\t\t\t\t<section class=\"elementor-section elementor-top-section elementor-element elementor-element-9fb11cc elementor-section-boxed elementor-section-height-default elementor-section-height-default sc_fly_static\" data-id=\"9fb11cc\" data-element_type=\"section\">\n\t\t\t\t\t\t<div class=\"elementor-container elementor-column-gap-extended\">\n\t\t\t\t\t<div class=\"elementor-column elementor-col-100 elementor-top-column elementor-element elementor-element-3f7d5ea sc_content_align_inherit sc_layouts_column_icons_position_left sc_fly_static\" data-id=\"3f7d5ea\" data-element_type=\"column\">\n\t\t\t<div class=\"elementor-widget-wrap elementor-element-populated\">\n\t\t\t\t\t\t<div class=\"elementor-element elementor-element-3d4622c sc_fly_static elementor-widget elementor-widget-html\" data-id=\"3d4622c\" data-element_type=\"widget\" data-widget_type=\"html.default\">\n\t\t\t\t<div class=\"elementor-widget-container\">\n\t\t\t\t\t<script>\ndocument.addEventListener(\"DOMContentLoaded\", function () {\n    var titles = document.querySelectorAll(\".almodo-collection h2.post_title\");\n\n    titles.forEach(function (title) {\n        var link = title.querySelector(\"a\");\n        if (link) {\n            var text = link.textContent.trim();\n\n            var smallText = document.createElement(\"span\");\n            smallText.style.fontSize = \"0.5em\";\n            smallText.style.display = \"block\";\n\n            if (text === \"A.P.C.\") {\n                smallText.textContent = \"Almodo Print Collection\";\n                \/\/title.appendChild(document.createElement(\"br\"));\n                title.appendChild(smallText);\n            } else if (text === \"A.J.C.\") {\n                smallText.textContent = \"Almodo Jersey Collection\";\n                \/\/title.appendChild(document.createElement(\"br\"));\n                title.appendChild(smallText);\n            }\n        }\n    });\n});\n<\/script>\t\t\t\t<\/div>\n\t\t\t\t<\/div>\n\t\t\t\t<div class=\"elementor-element elementor-element-3e9028b almodo-collection sc_fly_static elementor-widget elementor-widget-trx_sc_portfolio\" data-id=\"3e9028b\" data-element_type=\"widget\" data-widget_type=\"trx_sc_portfolio.default\">\n\t\t\t\t<div class=\"elementor-widget-container\">\n\t\t\t\t\t<div \t\tclass=\"sc_portfolio sc_portfolio_band\"><div class=\"sc_portfolio_content sc_item_content sc_item_posts_container              grid_wrap_4\"><div data-post-id=\"27281\" class=\"sc_portfolio_item sc_item_container post_container\"\r\n\t\tdata-size=\"1600x900\"\r\n\tdata-src=\"https:\/\/www.almodo.com.tr\/wp-content\/uploads\/2025\/02\/Almodo-Dokuma-1.webp\"\r\n\t>\r\n\t<div class=\"post_featured with_thumb hover_link sc_portfolio_item_thumb trx_addons_image_effects_on_waves2\" data-image-effect-strength=\"30\"><img fetchpriority=\"high\" decoding=\"async\" width=\"890\" height=\"664\" src=\"https:\/\/www.almodo.com.tr\/wp-content\/uploads\/2025\/02\/Almodo-Dokuma-1-890x664.webp\" class=\"attachment-tint-thumb-square size-tint-thumb-square wp-post-image\" alt=\"\" \/>\t\t\t\t\t\t<div class=\"mask\"><\/div>\n\t\t\t\t\t\t\t\t\t<a href=\"https:\/\/www.almodo.com.tr\/en\/kurumsal\/almodo-dokuma\/\"  aria-hidden=\"true\" class=\"link\"><\/a>\r\n\t\t\t<\/div>    <div class=\"post_content_wrap\">\r\n        <div class=\"post_meta\"><span class=\"post_meta_item post_categories cat_sep\"><a href=\"https:\/\/www.almodo.com.tr\/en\/portfolio_group\/brands\/\" title=\"View all posts in Brands\">Brands<\/a><\/span><\/div>            <h2 class=\"post_title\">\r\n                    <a href=\"https:\/\/www.almodo.com.tr\/en\/kurumsal\/almodo-dokuma\/\">ALMODO Weaving<\/a>\r\n                    <\/h2>\r\n        \r\n                    <div class=\"post_description_content\"> Almodo is one of the largest wool fabric manufacturers in both Turkey and Europe. Using the most advanced textile technologies, carefully selected raw materials, and the support of our expert teams, Almodo actively participates in all production processes, from research and development to product finishing.  <\/div>\r\n                <a href=\"https:\/\/www.almodo.com.tr\/en\/kurumsal\/almodo-dokuma\/\" class=\"theme_button\"><span class=\"post_readmore_label\">Detailed Information <\/span><span class=\"hover-arrow\"><\/span><\/a>\r\n        \r\n\r\n    <\/div>\r\n<\/div><div data-post-id=\"27265\" class=\"sc_portfolio_item sc_item_container post_container\"\r\n\t\tdata-size=\"1600x1186\"\r\n\tdata-src=\"https:\/\/www.almodo.com.tr\/wp-content\/uploads\/2025\/02\/A-P-C-Almodo-1-1.webp\"\r\n\t>\r\n\t<div class=\"post_featured with_thumb hover_link sc_portfolio_item_thumb trx_addons_image_effects_on_waves2\" data-image-effect-strength=\"30\"><img decoding=\"async\" width=\"890\" height=\"664\" src=\"https:\/\/www.almodo.com.tr\/wp-content\/uploads\/2025\/02\/A-P-C-Almodo-1-1-890x664.webp\" class=\"attachment-tint-thumb-square size-tint-thumb-square wp-post-image\" alt=\"\" \/>\t\t\t\t\t\t<div class=\"mask\"><\/div>\n\t\t\t\t\t\t\t\t\t<a href=\"https:\/\/www.almodo.com.tr\/en\/kurumsal\/almodo-print-collection\/\"  aria-hidden=\"true\" class=\"link\"><\/a>\r\n\t\t\t<\/div>    <div class=\"post_content_wrap\">\r\n        <div class=\"post_meta\"><span class=\"post_meta_item post_categories cat_sep\"><a href=\"https:\/\/www.almodo.com.tr\/en\/portfolio_group\/brands\/\" title=\"View all posts in Brands\">Brands<\/a><\/span><\/div>            <h2 class=\"post_title\">\r\n                    <a href=\"https:\/\/www.almodo.com.tr\/en\/kurumsal\/almodo-print-collection\/\">APC<\/a>\r\n                    <\/h2>\r\n        \r\n                    <div class=\"post_description_content\"> Our department&#039;s mission is to provide the best quality and service with the shortest lead times, utilizing the vast raw fabric inventories held in Almodo&#039;s warehouses. Our APC Almodo collection offers a wide range of base qualities, from lightweight chiffon fabrics and silks to stretch trouser fabrics, specialty dobby fabrics, and double-faced fabrics in various compositions. <\/div>\r\n                <a href=\"https:\/\/www.almodo.com.tr\/en\/kurumsal\/almodo-print-collection\/\" class=\"theme_button\"><span class=\"post_readmore_label\">Detailed Information <\/span><span class=\"hover-arrow\"><\/span><\/a>\r\n        \r\n\r\n    <\/div>\r\n<\/div><div data-post-id=\"27197\" class=\"sc_portfolio_item sc_item_container post_container\"\r\n\t\tdata-size=\"1600x1186\"\r\n\tdata-src=\"https:\/\/www.almodo.com.tr\/wp-content\/uploads\/2025\/02\/A-J.C-Almodo-Jersey-Collection.webp\"\r\n\t>\r\n\t<div class=\"post_featured with_thumb hover_link sc_portfolio_item_thumb trx_addons_image_effects_on_waves2\" data-image-effect-strength=\"30\"><img decoding=\"async\" width=\"890\" height=\"664\" src=\"https:\/\/www.almodo.com.tr\/wp-content\/uploads\/2025\/02\/A-J.C-Almodo-Jersey-Collection-890x664.webp\" class=\"attachment-tint-thumb-square size-tint-thumb-square wp-post-image\" alt=\"\" \/>\t\t\t\t\t\t<div class=\"mask\"><\/div>\n\t\t\t\t\t\t\t\t\t<a href=\"https:\/\/www.almodo.com.tr\/en\/kurumsal\/almodo-jersey-collection\/\"  aria-hidden=\"true\" class=\"link\"><\/a>\r\n\t\t\t<\/div>    <div class=\"post_content_wrap\">\r\n        <div class=\"post_meta\"><span class=\"post_meta_item post_categories cat_sep\"><a href=\"https:\/\/www.almodo.com.tr\/en\/portfolio_group\/brands\/\" title=\"View all posts in Brands\">Brands<\/a><\/span><\/div>            <h2 class=\"post_title\">\r\n                    <a href=\"https:\/\/www.almodo.com.tr\/en\/kurumsal\/almodo-jersey-collection\/\">AJC<\/a>\r\n                    <\/h2>\r\n        \r\n                    <div class=\"post_description_content\"> All orders and sample production are made in Almodo&#039;s facilities. Controlling every single production step down to the smallest detail allows Almodo to achieve its high quality. This is what distinguishes Almodo from other knitwear suppliers. All of our designs are developed in-house by our experienced Italian designer, overseeing all design and development stages with the Almodo team. <\/div>\r\n                <a href=\"https:\/\/www.almodo.com.tr\/en\/kurumsal\/almodo-jersey-collection\/\" class=\"theme_button\"><span class=\"post_readmore_label\">Detailed Information <\/span><span class=\"hover-arrow\"><\/span><\/a>\r\n        \r\n\r\n    <\/div>\r\n<\/div><div data-post-id=\"27257\" class=\"sc_portfolio_item sc_item_container post_container\"\r\n\t\tdata-size=\"1600x1186\"\r\n\tdata-src=\"https:\/\/www.almodo.com.tr\/wp-content\/uploads\/2025\/02\/jacquArt-Almodo.webp\"\r\n\t>\r\n\t<div class=\"post_featured with_thumb hover_link sc_portfolio_item_thumb trx_addons_image_effects_on_waves2\" data-image-effect-strength=\"30\"><img loading=\"lazy\" decoding=\"async\" width=\"890\" height=\"664\" src=\"https:\/\/www.almodo.com.tr\/wp-content\/uploads\/2025\/02\/jacquArt-Almodo-890x664.webp\" class=\"attachment-tint-thumb-square size-tint-thumb-square wp-post-image\" alt=\"\" \/>\t\t\t\t\t\t<div class=\"mask\"><\/div>\n\t\t\t\t\t\t\t\t\t<a href=\"https:\/\/www.almodo.com.tr\/en\/kurumsal\/jacquart\/\"  aria-hidden=\"true\" class=\"link\"><\/a>\r\n\t\t\t<\/div>    <div class=\"post_content_wrap\">\r\n        <div class=\"post_meta\"><span class=\"post_meta_item post_categories cat_sep\"><a href=\"https:\/\/www.almodo.com.tr\/en\/portfolio_group\/brands\/\" title=\"View all posts in Brands\">Brands<\/a><\/span><\/div>            <h2 class=\"post_title\">\r\n                    <a href=\"https:\/\/www.almodo.com.tr\/en\/kurumsal\/jacquart\/\">jacquART<\/a>\r\n                    <\/h2>\r\n        \r\n                    <div class=\"post_description_content\"> Through a combination of best quality machinery and having our inhouse design team,\u00a0we have the full options available allowing us to create many unique fabric looks, textures and colors in Jacquard.\u00a0 <\/div>\r\n                <a href=\"https:\/\/www.almodo.com.tr\/en\/kurumsal\/jacquart\/\" class=\"theme_button\"><span class=\"post_readmore_label\">Detailed Information <\/span><span class=\"hover-arrow\"><\/span><\/a>\r\n        \r\n\r\n    <\/div>\r\n<\/div><\/div><\/div>\t\t\t\t<\/div>\n\t\t\t\t<\/div>\n\t\t\t\t\t<\/div>\n\t\t<\/div>\n\t\t\t\t\t<\/div>\n\t\t<\/section>\n\t\t\t\t<\/div>","protected":false},"excerpt":{"rendered":"<p>Almodo Koleksiyonlar Brands ALMODO Dokuma Almodo hem T\u00fcrkiye hemde Avrupadaki en b\u00fcy\u00fck y\u00fcn kuma\u015f \u00fcreticilerinden biridir. En geli\u015fmi\u015f tekstil teknolojileri kullan\u0131larak, titiz bir \u015fekilde se\u00e7ilen ham maddeler , uzman ekiplerimizin&hellip;<\/p>","protected":false},"author":1,"featured_media":0,"parent":0,"menu_order":0,"comment_status":"closed","ping_status":"closed","template":"","meta":{"footnotes":""},"class_list":["post-27867","page","type-page","status-publish","hentry"],"yoast_head":"<!-- This site is optimized with the Yoast SEO plugin v26.3 - https:\/\/yoast.com\/wordpress\/plugins\/seo\/ -->\n<title>Koleksiyonlar - Almodo Textile<\/title>\n<meta name=\"description\" content=\"Almodo koleksiyonlar sayfas\u0131nda kaliteli kuma\u015f koleksiyonlar\u0131yla tan\u0131\u015f\u0131n. Y\u00fcn, ipek, stre\u00e7 ve \u00e7ift y\u00fczl\u00fc kuma\u015f se\u00e7eneklerinde geni\u015f \u00fcr\u00fcn yelpazesi; h\u0131zl\u0131 teslimat ve uzman tasar\u0131m deste\u011fi ile sizlerle.\" \/>\n<meta name=\"robots\" content=\"index, follow, max-snippet:-1, max-image-preview:large, max-video-preview:-1\" \/>\n<link rel=\"canonical\" href=\"https:\/\/www.almodo.com.tr\/en\/koleksiyonlar\/\" \/>\n<meta property=\"og:locale\" content=\"en_US\" \/>\n<meta property=\"og:type\" content=\"article\" \/>\n<meta property=\"og:title\" content=\"Koleksiyonlar - Almodo Textile\" \/>\n<meta property=\"og:description\" content=\"Almodo koleksiyonlar sayfas\u0131nda kaliteli kuma\u015f koleksiyonlar\u0131yla tan\u0131\u015f\u0131n. Y\u00fcn, ipek, stre\u00e7 ve \u00e7ift y\u00fczl\u00fc kuma\u015f se\u00e7eneklerinde geni\u015f \u00fcr\u00fcn yelpazesi; h\u0131zl\u0131 teslimat ve uzman tasar\u0131m deste\u011fi ile sizlerle.\" \/>\n<meta property=\"og:url\" content=\"https:\/\/www.almodo.com.tr\/en\/koleksiyonlar\/\" \/>\n<meta property=\"og:site_name\" content=\"Almodo Textile\" \/>\n<meta property=\"article:modified_time\" content=\"2025-09-13T15:17:56+00:00\" \/>\n<meta property=\"og:image\" content=\"https:\/\/www.almodo.com.tr\/wp-content\/uploads\/2025\/02\/Almodo_Orme_Kapak-2.webp\" \/>\n<meta name=\"twitter:card\" content=\"summary_large_image\" \/>\n<meta name=\"twitter:label1\" content=\"Est. reading time\" \/>\n\t<meta name=\"twitter:data1\" content=\"2 minutes\" \/>\n<script type=\"application\/ld+json\" class=\"yoast-schema-graph\">{\"@context\":\"https:\/\/schema.org\",\"@graph\":[{\"@type\":\"WebPage\",\"@id\":\"https:\/\/www.almodo.com.tr\/koleksiyonlar\/\",\"url\":\"https:\/\/www.almodo.com.tr\/koleksiyonlar\/\",\"name\":\"Koleksiyonlar - Almodo Textile\",\"isPartOf\":{\"@id\":\"https:\/\/www.almodo.com.tr\/#website\"},\"primaryImageOfPage\":{\"@id\":\"https:\/\/www.almodo.com.tr\/koleksiyonlar\/#primaryimage\"},\"image\":{\"@id\":\"https:\/\/www.almodo.com.tr\/koleksiyonlar\/#primaryimage\"},\"thumbnailUrl\":\"https:\/\/www.almodo.com.tr\/wp-content\/uploads\/2025\/02\/Almodo_Orme_Kapak-2.webp\",\"datePublished\":\"2025-03-09T21:30:07+00:00\",\"dateModified\":\"2025-09-13T15:17:56+00:00\",\"description\":\"Almodo koleksiyonlar sayfas\u0131nda kaliteli kuma\u015f koleksiyonlar\u0131yla tan\u0131\u015f\u0131n. Y\u00fcn, ipek, stre\u00e7 ve \u00e7ift y\u00fczl\u00fc kuma\u015f se\u00e7eneklerinde geni\u015f \u00fcr\u00fcn yelpazesi; h\u0131zl\u0131 teslimat ve uzman tasar\u0131m deste\u011fi ile sizlerle.\",\"breadcrumb\":{\"@id\":\"https:\/\/www.almodo.com.tr\/koleksiyonlar\/#breadcrumb\"},\"inLanguage\":\"en-US\",\"potentialAction\":[{\"@type\":\"ReadAction\",\"target\":[\"https:\/\/www.almodo.com.tr\/koleksiyonlar\/\"]}]},{\"@type\":\"ImageObject\",\"inLanguage\":\"en-US\",\"@id\":\"https:\/\/www.almodo.com.tr\/koleksiyonlar\/#primaryimage\",\"url\":\"https:\/\/www.almodo.com.tr\/wp-content\/uploads\/2025\/02\/Almodo_Orme_Kapak-2.webp\",\"contentUrl\":\"https:\/\/www.almodo.com.tr\/wp-content\/uploads\/2025\/02\/Almodo_Orme_Kapak-2.webp\"},{\"@type\":\"BreadcrumbList\",\"@id\":\"https:\/\/www.almodo.com.tr\/koleksiyonlar\/#breadcrumb\",\"itemListElement\":[{\"@type\":\"ListItem\",\"position\":1,\"name\":\"Anasayfa\",\"item\":\"https:\/\/www.almodo.com.tr\/\"},{\"@type\":\"ListItem\",\"position\":2,\"name\":\"Koleksiyonlar\"}]},{\"@type\":\"WebSite\",\"@id\":\"https:\/\/www.almodo.com.tr\/#website\",\"url\":\"https:\/\/www.almodo.com.tr\/\",\"name\":\"Almodo\",\"description\":\"\",\"publisher\":{\"@id\":\"https:\/\/www.almodo.com.tr\/#organization\"},\"potentialAction\":[{\"@type\":\"SearchAction\",\"target\":{\"@type\":\"EntryPoint\",\"urlTemplate\":\"https:\/\/www.almodo.com.tr\/?s={search_term_string}\"},\"query-input\":{\"@type\":\"PropertyValueSpecification\",\"valueRequired\":true,\"valueName\":\"search_term_string\"}}],\"inLanguage\":\"en-US\"},{\"@type\":\"Organization\",\"@id\":\"https:\/\/www.almodo.com.tr\/#organization\",\"name\":\"Almodo\",\"url\":\"https:\/\/www.almodo.com.tr\/\",\"logo\":{\"@type\":\"ImageObject\",\"inLanguage\":\"en-US\",\"@id\":\"https:\/\/www.almodo.com.tr\/#\/schema\/logo\/image\/\",\"url\":\"https:\/\/www.almodo.com.tr\/wp-content\/uploads\/2025\/03\/Almodo_Logo_Small_S.png\",\"contentUrl\":\"https:\/\/www.almodo.com.tr\/wp-content\/uploads\/2025\/03\/Almodo_Logo_Small_S.png\",\"width\":160,\"height\":43,\"caption\":\"Almodo\"},\"image\":{\"@id\":\"https:\/\/www.almodo.com.tr\/#\/schema\/logo\/image\/\"},\"sameAs\":[\"https:\/\/www.instagram.com\/almodotekstil\/?hl=tr\"]}]}<\/script>\n<!-- \/ Yoast SEO plugin. -->","yoast_head_json":{"title":"Koleksiyonlar - Almodo Textile","description":"Almodo koleksiyonlar sayfas\u0131nda kaliteli kuma\u015f koleksiyonlar\u0131yla tan\u0131\u015f\u0131n. Y\u00fcn, ipek, stre\u00e7 ve \u00e7ift y\u00fczl\u00fc kuma\u015f se\u00e7eneklerinde geni\u015f \u00fcr\u00fcn yelpazesi; h\u0131zl\u0131 teslimat ve uzman tasar\u0131m deste\u011fi ile sizlerle.","robots":{"index":"index","follow":"follow","max-snippet":"max-snippet:-1","max-image-preview":"max-image-preview:large","max-video-preview":"max-video-preview:-1"},"canonical":"https:\/\/www.almodo.com.tr\/en\/koleksiyonlar\/","og_locale":"en_US","og_type":"article","og_title":"Koleksiyonlar - Almodo Textile","og_description":"Almodo koleksiyonlar sayfas\u0131nda kaliteli kuma\u015f koleksiyonlar\u0131yla tan\u0131\u015f\u0131n. Y\u00fcn, ipek, stre\u00e7 ve \u00e7ift y\u00fczl\u00fc kuma\u015f se\u00e7eneklerinde geni\u015f \u00fcr\u00fcn yelpazesi; h\u0131zl\u0131 teslimat ve uzman tasar\u0131m deste\u011fi ile sizlerle.","og_url":"https:\/\/www.almodo.com.tr\/en\/koleksiyonlar\/","og_site_name":"Almodo Textile","article_modified_time":"2025-09-13T15:17:56+00:00","og_image":[{"url":"https:\/\/www.almodo.com.tr\/wp-content\/uploads\/2025\/02\/Almodo_Orme_Kapak-2.webp","type":"","width":"","height":""}],"twitter_card":"summary_large_image","twitter_misc":{"Est. reading time":"2 minutes"},"schema":{"@context":"https:\/\/schema.org","@graph":[{"@type":"WebPage","@id":"https:\/\/www.almodo.com.tr\/koleksiyonlar\/","url":"https:\/\/www.almodo.com.tr\/koleksiyonlar\/","name":"Koleksiyonlar - Almodo Textile","isPartOf":{"@id":"https:\/\/www.almodo.com.tr\/#website"},"primaryImageOfPage":{"@id":"https:\/\/www.almodo.com.tr\/koleksiyonlar\/#primaryimage"},"image":{"@id":"https:\/\/www.almodo.com.tr\/koleksiyonlar\/#primaryimage"},"thumbnailUrl":"https:\/\/www.almodo.com.tr\/wp-content\/uploads\/2025\/02\/Almodo_Orme_Kapak-2.webp","datePublished":"2025-03-09T21:30:07+00:00","dateModified":"2025-09-13T15:17:56+00:00","description":"Almodo koleksiyonlar sayfas\u0131nda kaliteli kuma\u015f koleksiyonlar\u0131yla tan\u0131\u015f\u0131n. Y\u00fcn, ipek, stre\u00e7 ve \u00e7ift y\u00fczl\u00fc kuma\u015f se\u00e7eneklerinde geni\u015f \u00fcr\u00fcn yelpazesi; h\u0131zl\u0131 teslimat ve uzman tasar\u0131m deste\u011fi ile sizlerle.","breadcrumb":{"@id":"https:\/\/www.almodo.com.tr\/koleksiyonlar\/#breadcrumb"},"inLanguage":"en-US","potentialAction":[{"@type":"ReadAction","target":["https:\/\/www.almodo.com.tr\/koleksiyonlar\/"]}]},{"@type":"ImageObject","inLanguage":"en-US","@id":"https:\/\/www.almodo.com.tr\/koleksiyonlar\/#primaryimage","url":"https:\/\/www.almodo.com.tr\/wp-content\/uploads\/2025\/02\/Almodo_Orme_Kapak-2.webp","contentUrl":"https:\/\/www.almodo.com.tr\/wp-content\/uploads\/2025\/02\/Almodo_Orme_Kapak-2.webp"},{"@type":"BreadcrumbList","@id":"https:\/\/www.almodo.com.tr\/koleksiyonlar\/#breadcrumb","itemListElement":[{"@type":"ListItem","position":1,"name":"Anasayfa","item":"https:\/\/www.almodo.com.tr\/"},{"@type":"ListItem","position":2,"name":"Koleksiyonlar"}]},{"@type":"WebSite","@id":"https:\/\/www.almodo.com.tr\/#website","url":"https:\/\/www.almodo.com.tr\/","name":"Almodo","description":"","publisher":{"@id":"https:\/\/www.almodo.com.tr\/#organization"},"potentialAction":[{"@type":"SearchAction","target":{"@type":"EntryPoint","urlTemplate":"https:\/\/www.almodo.com.tr\/?s={search_term_string}"},"query-input":{"@type":"PropertyValueSpecification","valueRequired":true,"valueName":"search_term_string"}}],"inLanguage":"en-US"},{"@type":"Organization","@id":"https:\/\/www.almodo.com.tr\/#organization","name":"Almodo","url":"https:\/\/www.almodo.com.tr\/","logo":{"@type":"ImageObject","inLanguage":"en-US","@id":"https:\/\/www.almodo.com.tr\/#\/schema\/logo\/image\/","url":"https:\/\/www.almodo.com.tr\/wp-content\/uploads\/2025\/03\/Almodo_Logo_Small_S.png","contentUrl":"https:\/\/www.almodo.com.tr\/wp-content\/uploads\/2025\/03\/Almodo_Logo_Small_S.png","width":160,"height":43,"caption":"Almodo"},"image":{"@id":"https:\/\/www.almodo.com.tr\/#\/schema\/logo\/image\/"},"sameAs":["https:\/\/www.instagram.com\/almodotekstil\/?hl=tr"]}]}},"_links":{"self":[{"href":"https:\/\/www.almodo.com.tr\/en\/wp-json\/wp\/v2\/pages\/27867","targetHints":{"allow":["GET"]}}],"collection":[{"href":"https:\/\/www.almodo.com.tr\/en\/wp-json\/wp\/v2\/pages"}],"about":[{"href":"https:\/\/www.almodo.com.tr\/en\/wp-json\/wp\/v2\/types\/page"}],"author":[{"embeddable":true,"href":"https:\/\/www.almodo.com.tr\/en\/wp-json\/wp\/v2\/users\/1"}],"replies":[{"embeddable":true,"href":"https:\/\/www.almodo.com.tr\/en\/wp-json\/wp\/v2\/comments?post=27867"}],"version-history":[{"count":26,"href":"https:\/\/www.almodo.com.tr\/en\/wp-json\/wp\/v2\/pages\/27867\/revisions"}],"predecessor-version":[{"id":28819,"href":"https:\/\/www.almodo.com.tr\/en\/wp-json\/wp\/v2\/pages\/27867\/revisions\/28819"}],"wp:attachment":[{"href":"https:\/\/www.almodo.com.tr\/en\/wp-json\/wp\/v2\/media?parent=27867"}],"curies":[{"name":"wp","href":"https:\/\/api.w.org\/{rel}","templated":true}]}}